{"id":2391,"date":"2024-08-24T08:37:08","date_gmt":"2024-08-24T11:37:08","guid":{"rendered":"https:\/\/museuimagensdoinconsciente.org.br\/enio-sergio\/"},"modified":"2025-05-19T09:27:08","modified_gmt":"2025-05-19T12:27:08","slug":"enio-sergio","status":"publish","type":"page","link":"https:\/\/museuimagensdoinconsciente.org.br\/en\/enio-sergio\/","title":{"rendered":"Enio S\u00e9rgio"},"content":{"rendered":"<p>[et_pb_section fb_built=&#8221;1&#8243; custom_padding_last_edited=&#8221;on|tablet&#8221; admin_label=&#8221;Header&#8221; _builder_version=&#8221;4.24.2&#8243; background_image=&#8221;https:\/\/museuimagensdoinconsciente.org.br\/wp-content\/uploads\/2024\/03\/art-gallery-55.jpg&#8221; background_size=&#8221;initial&#8221; background_repeat=&#8221;repeat&#8221; custom_padding=&#8221;140px||6px||false|false&#8221; custom_padding_tablet=&#8221;130px||||false|false&#8221; custom_padding_phone=&#8221;130px||||false|false&#8221; global_colors_info=&#8221;{}&#8221;][et_pb_row custom_padding_last_edited=&#8221;off|phone&#8221; _builder_version=&#8221;4.16&#8243; background_position=&#8221;bottom_center&#8221; custom_padding_tablet=&#8221;17vw||17vw||false&#8221; use_custom_width=&#8221;on&#8221; width_unit=&#8221;off&#8221; custom_width_percent=&#8221;100%&#8221; locked=&#8221;off&#8221; global_colors_info=&#8221;{}&#8221;][et_pb_column type=&#8221;4_4&#8243; _builder_version=&#8221;4.16&#8243; custom_padding=&#8221;|||&#8221; global_colors_info=&#8221;{}&#8221; custom_padding__hover=&#8221;|||&#8221;][et_pb_text _builder_version=&#8221;4.27.4&#8243; text_font=&#8221;||||||||&#8221; header_font=&#8221;||||||||&#8221; header_2_font=&#8221;|500|||||||&#8221; header_2_text_align=&#8221;left&#8221; header_2_font_size=&#8221;56px&#8221; header_2_line_height=&#8221;1.3em&#8221; transform_translate_linked=&#8221;off&#8221; max_width=&#8221;100%&#8221; max_width_tablet=&#8221;70%&#8221; max_width_last_edited=&#8221;off|phone&#8221; animation_style=&#8221;zoom&#8221; animation_intensity_zoom=&#8221;5%&#8221; header_2_font_size_tablet=&#8221;40px&#8221; header_2_font_size_phone=&#8221;40px&#8221; header_2_font_size_last_edited=&#8221;on|tablet&#8221; global_colors_info=&#8221;{}&#8221;]<\/p>\n<h2>Enio S\u00e9rgio<\/h2>\n<p>[\/et_pb_text][\/et_pb_column][\/et_pb_row][et_pb_row column_structure=&#8221;1_4,3_4&#8243; _builder_version=&#8221;4.27.0&#8243; global_colors_info=&#8221;{}&#8221;][et_pb_column type=&#8221;1_4&#8243; _builder_version=&#8221;4.16&#8243; custom_padding=&#8221;|||&#8221; global_colors_info=&#8221;{}&#8221; custom_padding__hover=&#8221;|||&#8221;][et_pb_image src=&#8221;https:\/\/museuimagensdoinconsciente.org.br\/wp-content\/uploads\/2024\/08\/00-enio-sergio.jpg&#8221; alt=&#8221;Adelina Gomes&#8221; title_text=&#8221;00-enio-sergio&#8221; align=&#8221;center&#8221; _builder_version=&#8221;4.27.4&#8243; _module_preset=&#8221;default&#8221; max_width=&#8221;250px&#8221; module_alignment=&#8221;center&#8221; animation_style=&#8221;zoom&#8221; animation_intensity_zoom=&#8221;5%&#8221; border_radii=&#8221;on|250px|250px|250px|250px&#8221; locked=&#8221;off&#8221; global_colors_info=&#8221;{}&#8221;][\/et_pb_image][\/et_pb_column][et_pb_column type=&#8221;3_4&#8243; _builder_version=&#8221;4.16&#8243; custom_padding=&#8221;|||&#8221; global_colors_info=&#8221;{}&#8221; custom_padding__hover=&#8221;|||&#8221;][et_pb_text _builder_version=&#8221;4.27.4&#8243; text_font=&#8221;||||||||&#8221; header_font=&#8221;||||||||&#8221; max_width=&#8221;640px&#8221; module_alignment=&#8221;left&#8221; hover_enabled=&#8221;0&#8243; global_colors_info=&#8221;{}&#8221; sticky_enabled=&#8221;0&#8243;]<\/p>\n<p>Enio was born in S\u00e3o Jo\u00e3o Del Rey in Minas Gerais state in 1962. He was the first of five children. At age 18, he joined the army and soon moved to the rank of paratrooper. He currently lives alone in the Copacabana neighbourhood.   <\/p>\n<p>He began to attend the Museu de Images do Inconciente in 1995, choosing painting and sculpture as his favourite activities. His intense experiences and emotions are expressed in the images he paints and sculpts. His works have a special quality, in form as well as colour, an original style that is quickly recognized in the exhibitions he participates in.  <\/p>\n<p>[\/et_pb_text][\/et_pb_column][\/et_pb_row][\/et_pb_section][et_pb_section fb_built=&#8221;1&#8243; admin_label=&#8221;Features&#8221; _builder_version=&#8221;4.24.3&#8243; background_color=&#8221;#e9e7e8&#8243; background_image=&#8221;https:\/\/museuimagensdoinconsciente.org.br\/wp-content\/uploads\/2024\/03\/art-gallery-55.jpg&#8221; background_size=&#8221;initial&#8221; background_repeat=&#8221;repeat&#8221; background_blend=&#8221;multiply&#8221; custom_padding=&#8221;40px|||||&#8221; global_colors_info=&#8221;{}&#8221;][et_pb_row _builder_version=&#8221;4.16&#8243; global_colors_info=&#8221;{}&#8221;][et_pb_column type=&#8221;4_4&#8243; _builder_version=&#8221;4.16&#8243; custom_padding=&#8221;|||&#8221; global_colors_info=&#8221;{}&#8221; custom_padding__hover=&#8221;|||&#8221;][et_pb_text _builder_version=&#8221;4.27.4&#8243; text_font=&#8221;||||||||&#8221; header_font=&#8221;||||||||&#8221; max_width=&#8221;640px&#8221; module_alignment=&#8221;center&#8221; animation_style=&#8221;zoom&#8221; animation_intensity_zoom=&#8221;5%&#8221; global_colors_info=&#8221;{}&#8221;]<\/p>\n\n\t\t<style type=\"text\/css\">\n\t\t\t#gallery-1 {\n\t\t\t\tmargin: auto;\n\t\t\t}\n\t\t\t#gallery-1 .gallery-item {\n\t\t\t\tfloat: left;\n\t\t\t\tmargin-top: 10px;\n\t\t\t\ttext-align: center;\n\t\t\t\twidth: 33%;\n\t\t\t}\n\t\t\t#gallery-1 img {\n\t\t\t\tborder: 2px solid #cfcfcf;\n\t\t\t}\n\t\t\t#gallery-1 .gallery-caption {\n\t\t\t\tmargin-left: 0;\n\t\t\t}\n\t\t\t\/* see gallery_shortcode() in wp-includes\/media.php *\/\n\t\t<\/style>\n\t\t<div id='gallery-1' class='gallery galleryid-2391 gallery-columns-3 gallery-size-thumbnail'><dl class='gallery-item'>\n\t\t\t<dt class='gallery-icon portrait'>\n\t\t\t\t<a href='https:\/\/museuimagensdoinconsciente.org.br\/en\/enio-sergio\/1-enio-sergio_-2003_-oleo-sobre-tela_-65x100-cm-2\/'><img loading=\"lazy\" decoding=\"async\" width=\"200\" height=\"200\" src=\"https:\/\/museuimagensdoinconsciente.org.br\/wp-content\/uploads\/2024\/09\/1-enio-Sergio_-2003_-oleo-sobre-tela_-65x100-cm-200x200.jpg\" class=\"attachment-thumbnail size-thumbnail\" alt=\"\" aria-describedby=\"gallery-1-1752\" \/><\/a>\n\t\t\t<\/dt>\n\t\t\t\t<dd class='wp-caption-text gallery-caption' id='gallery-1-1752'>\n\t\t\t\tUntitled \u2013 2003 \u2013 Oil on canvas \u2013 65 x 100 cm\n\t\t\t\t<\/dd><\/dl><dl class='gallery-item'>\n\t\t\t<dt class='gallery-icon portrait'>\n\t\t\t\t<a href='https:\/\/museuimagensdoinconsciente.org.br\/en\/enio-sergio\/2-enio-sergio_-1994_-oleo-sobre-tela_-80x50-cm-2-2\/'><img loading=\"lazy\" decoding=\"async\" width=\"200\" height=\"200\" src=\"https:\/\/museuimagensdoinconsciente.org.br\/wp-content\/uploads\/2024\/09\/2-enio-Sergio_-1994_-oleo-sobre-tela_-80x50-cm-2-200x200.jpg\" class=\"attachment-thumbnail size-thumbnail\" alt=\"\" aria-describedby=\"gallery-1-1754\" \/><\/a>\n\t\t\t<\/dt>\n\t\t\t\t<dd class='wp-caption-text gallery-caption' id='gallery-1-1754'>\n\t\t\t\tUntitled \u2013 2003 \u2013 Oil on canvas \u2013 80 x 50 cm\n\t\t\t\t<\/dd><\/dl><dl class='gallery-item'>\n\t\t\t<dt class='gallery-icon portrait'>\n\t\t\t\t<a href='https:\/\/museuimagensdoinconsciente.org.br\/en\/enio-sergio\/3-enio-sergio_-1994_-oleo-sobre-tela_-80x50-cm-2\/'><img loading=\"lazy\" decoding=\"async\" width=\"200\" height=\"200\" src=\"https:\/\/museuimagensdoinconsciente.org.br\/wp-content\/uploads\/2024\/09\/3-enio-Sergio_-1994_-oleo-sobre-tela_-80x50-cm-200x200.jpg\" class=\"attachment-thumbnail size-thumbnail\" alt=\"\" aria-describedby=\"gallery-1-1756\" \/><\/a>\n\t\t\t<\/dt>\n\t\t\t\t<dd class='wp-caption-text gallery-caption' id='gallery-1-1756'>\n\t\t\t\tUntitled \u2013 1994 \u2013 Oil on canvas \u2013 80 x 50 cm\n\t\t\t\t<\/dd><\/dl><br style=\"clear: both\" \/><dl class='gallery-item'>\n\t\t\t<dt class='gallery-icon portrait'>\n\t\t\t\t<a href='https:\/\/museuimagensdoinconsciente.org.br\/en\/enio-sergio\/4-enio-sergio-2007-caneta-esferografica-e-lapis-cera-sobre-papel-47-x-66-cm-2\/'><img loading=\"lazy\" decoding=\"async\" width=\"200\" height=\"200\" src=\"https:\/\/museuimagensdoinconsciente.org.br\/wp-content\/uploads\/2024\/09\/4-enio-Sergio-2007-caneta-esferografica-e-lapis-cera-sobre-papel-47-x-66-cm-200x200.jpg\" class=\"attachment-thumbnail size-thumbnail\" alt=\"\" aria-describedby=\"gallery-1-1758\" \/><\/a>\n\t\t\t<\/dt>\n\t\t\t\t<dd class='wp-caption-text gallery-caption' id='gallery-1-1758'>\n\t\t\t\tUntitled \u2013 2007 \u2013 Ballpoint pen and wax pencil on paper \u2013 47 x 66 cm\n\t\t\t\t<\/dd><\/dl><dl class='gallery-item'>\n\t\t\t<dt class='gallery-icon portrait'>\n\t\t\t\t<a href='https:\/\/museuimagensdoinconsciente.org.br\/en\/enio-sergio\/5-enio-sergio_-2008_-hidrocor-sobre-papel_-46x33-cm-2\/'><img loading=\"lazy\" decoding=\"async\" width=\"200\" height=\"200\" src=\"https:\/\/museuimagensdoinconsciente.org.br\/wp-content\/uploads\/2024\/09\/5-enio-Sergio_-2008_-hidrocor-sobre-papel_-46x33-cm-200x200.jpg\" class=\"attachment-thumbnail size-thumbnail\" alt=\"\" aria-describedby=\"gallery-1-1760\" \/><\/a>\n\t\t\t<\/dt>\n\t\t\t\t<dd class='wp-caption-text gallery-caption' id='gallery-1-1760'>\n\t\t\t\tUntitled \u2013 2008 \u2013 Watercolour on paper \u2013 46 x 33 cm\n\t\t\t\t<\/dd><\/dl><dl class='gallery-item'>\n\t\t\t<dt class='gallery-icon landscape'>\n\t\t\t\t<a href='https:\/\/museuimagensdoinconsciente.org.br\/en\/enio-sergio\/6-enio-sergio_-2008_-hidrocor-e-lapis-cera-sobre-papel_-33x48-cm-2\/'><img loading=\"lazy\" decoding=\"async\" width=\"200\" height=\"200\" src=\"https:\/\/museuimagensdoinconsciente.org.br\/wp-content\/uploads\/2024\/09\/6-enio-Sergio_-2008_-hidrocor-e-lapis-cera-sobre-papel_-33x48-cm-200x200.jpg\" class=\"attachment-thumbnail size-thumbnail\" alt=\"\" aria-describedby=\"gallery-1-1762\" \/><\/a>\n\t\t\t<\/dt>\n\t\t\t\t<dd class='wp-caption-text gallery-caption' id='gallery-1-1762'>\n\t\t\t\tUntitled \u2013 2008 \u2013 Watercolour and wax pencil on paper \u2013 33 x 48 cm\n\t\t\t\t<\/dd><\/dl><br style=\"clear: both\" \/><dl class='gallery-item'>\n\t\t\t<dt class='gallery-icon portrait'>\n\t\t\t\t<a href='https:\/\/museuimagensdoinconsciente.org.br\/en\/enio-sergio\/7-enio-sergio_-2008_-hidrocor-sobre-papel_-478x331-cm-2\/'><img loading=\"lazy\" decoding=\"async\" width=\"200\" height=\"200\" src=\"https:\/\/museuimagensdoinconsciente.org.br\/wp-content\/uploads\/2024\/09\/7-enio-Sergio_-2008_-hidrocor-sobre-papel_-478x331-cm-200x200.jpg\" class=\"attachment-thumbnail size-thumbnail\" alt=\"\" aria-describedby=\"gallery-1-1764\" \/><\/a>\n\t\t\t<\/dt>\n\t\t\t\t<dd class='wp-caption-text gallery-caption' id='gallery-1-1764'>\n\t\t\t\tUntitled \u2013 2008 \u2013 Watercolour on paper \u2013 47.8 x 33.1 cm\n\t\t\t\t<\/dd><\/dl><dl class='gallery-item'>\n\t\t\t<dt class='gallery-icon portrait'>\n\t\t\t\t<a href='https:\/\/museuimagensdoinconsciente.org.br\/en\/enio-sergio\/8-enio-sergio_-2008_-hidrocor-sobre-papel_-48x328-cm-2\/'><img loading=\"lazy\" decoding=\"async\" width=\"200\" height=\"200\" src=\"https:\/\/museuimagensdoinconsciente.org.br\/wp-content\/uploads\/2024\/09\/8-enio-Sergio_-2008_-hidrocor-sobre-papel_-48x328-cm-200x200.jpg\" class=\"attachment-thumbnail size-thumbnail\" alt=\"\" aria-describedby=\"gallery-1-1766\" \/><\/a>\n\t\t\t<\/dt>\n\t\t\t\t<dd class='wp-caption-text gallery-caption' id='gallery-1-1766'>\n\t\t\t\tUntitled \u2013 2008 \u2013 Watercolour on paper \u2013 48 x 32.8 cm\n\t\t\t\t<\/dd><\/dl><dl class='gallery-item'>\n\t\t\t<dt class='gallery-icon portrait'>\n\t\t\t\t<a href='https:\/\/museuimagensdoinconsciente.org.br\/en\/enio-sergio\/9-enio-sergio_-2008_-hidricor-e-giz-de-cera-sobre-papel_-475x328-cm-2\/'><img loading=\"lazy\" decoding=\"async\" width=\"200\" height=\"200\" src=\"https:\/\/museuimagensdoinconsciente.org.br\/wp-content\/uploads\/2024\/09\/9-enio-Sergio_-2008_-hidricor-e-giz-de-cera-sobre-papel_-475x328-cm-200x200.jpg\" class=\"attachment-thumbnail size-thumbnail\" alt=\"\" aria-describedby=\"gallery-1-1768\" \/><\/a>\n\t\t\t<\/dt>\n\t\t\t\t<dd class='wp-caption-text gallery-caption' id='gallery-1-1768'>\n\t\t\t\tUntitled \u2013 2008 \u2013 Marker and crayon on paper \u2013 47.5 x 32.8 cm\n\t\t\t\t<\/dd><\/dl><br style=\"clear: both\" \/><dl class='gallery-item'>\n\t\t\t<dt class='gallery-icon portrait'>\n\t\t\t\t<a href='https:\/\/museuimagensdoinconsciente.org.br\/en\/enio-sergio\/11-enio-sergio-2-2\/'><img loading=\"lazy\" decoding=\"async\" width=\"200\" height=\"200\" src=\"https:\/\/museuimagensdoinconsciente.org.br\/wp-content\/uploads\/2024\/10\/11-enio-sergio-200x200.jpg\" class=\"attachment-thumbnail size-thumbnail\" alt=\"\" aria-describedby=\"gallery-1-1797\" \/><\/a>\n\t\t\t<\/dt>\n\t\t\t\t<dd class='wp-caption-text gallery-caption' id='gallery-1-1797'>\n\t\t\t\tUntitled \u2013 2009 \u2013 Oil on canvas \u2013 100.0 x 80.0 cm\n\t\t\t\t<\/dd><\/dl><dl class='gallery-item'>\n\t\t\t<dt class='gallery-icon portrait'>\n\t\t\t\t<a href='https:\/\/museuimagensdoinconsciente.org.br\/en\/enio-sergio\/12-enio-sergio-2-2\/'><img loading=\"lazy\" decoding=\"async\" width=\"200\" height=\"200\" src=\"https:\/\/museuimagensdoinconsciente.org.br\/wp-content\/uploads\/2024\/10\/12-enio-sergio-200x200.jpg\" class=\"attachment-thumbnail size-thumbnail\" alt=\"\" aria-describedby=\"gallery-1-1795\" \/><\/a>\n\t\t\t<\/dt>\n\t\t\t\t<dd class='wp-caption-text gallery-caption' id='gallery-1-1795'>\n\t\t\t\tUntitled \u2013 2009 \u2013 Oil on canvas \u2013 100 x 80 cm\n\t\t\t\t<\/dd><\/dl>\n\t\t\t<br style='clear: both' \/>\n\t\t<\/div>\n\n<p>[\/et_pb_text][et_pb_button button_url=&#8221;https:\/\/museuimagensdoinconsciente.org.br\/en\/studios-and-artists\/&#8221; button_text=&#8221;Studios and Artists&#8221; button_alignment=&#8221;center&#8221; _builder_version=&#8221;4.24.3&#8243; custom_button=&#8221;on&#8221; button_text_size=&#8221;14px&#8221; button_text_color=&#8221;#ffffff&#8221; button_bg_color=&#8221;#000000&#8243; button_border_width=&#8221;0px&#8221; button_border_radius=&#8221;0px&#8221; button_font=&#8221;|700|||||||&#8221; custom_margin_tablet=&#8221;0px|0px||&#8221; custom_margin_phone=&#8221;|0px||&#8221; custom_margin_last_edited=&#8221;off|desktop&#8221; custom_padding=&#8221;14px|32px|14px|32px|true|false&#8221; animation_style=&#8221;zoom&#8221; animation_intensity_zoom=&#8221;5%&#8221; locked=&#8221;off&#8221; global_colors_info=&#8221;{}&#8221;][\/et_pb_button][\/et_pb_column][\/et_pb_row][\/et_pb_section]<\/p>\n","protected":false},"excerpt":{"rendered":"<p>Enio was born in S\u00e3o Jo\u00e3o Del Rey in Minas Gerais state in 1962. He was the first of five children. At age 18, he joined the army and soon moved to the rank of paratrooper. He currently lives alone in the Copacabana neighbourhood.<\/p>\n","protected":false},"author":1,"featured_media":1752,"parent":0,"menu_order":0,"comment_status":"closed","ping_status":"closed","template":"","meta":{"_et_pb_use_builder":"on","_et_pb_old_content":"","_et_gb_content_width":"","footnotes":""},"class_list":["post-2391","page","type-page","status-publish","has-post-thumbnail","hentry"],"yoast_head":"<!-- This site is optimized with the Yoast SEO plugin v27.4 - https:\/\/yoast.com\/product\/yoast-seo-wordpress\/ -->\n<title>Enio S\u00e9rgio - Museu de Imagens do Inconsciente<\/title>\n<meta name=\"robots\" content=\"index, follow, max-snippet:-1, max-image-preview:large, max-video-preview:-1\" \/>\n<link rel=\"canonical\" href=\"https:\/\/museuimagensdoinconsciente.org.br\/en\/enio-sergio\/\" \/>\n<meta property=\"og:locale\" content=\"en_US\" \/>\n<meta property=\"og:type\" content=\"article\" \/>\n<meta property=\"og:title\" content=\"Enio S\u00e9rgio - Museu de Imagens do Inconsciente\" \/>\n<meta property=\"og:description\" content=\"Enio was born in S\u00e3o Jo\u00e3o Del Rey in Minas Gerais state in 1962. He was the first of five children. At age 18, he joined the army and soon moved to the rank of paratrooper. He currently lives alone in the Copacabana neighbourhood.\" \/>\n<meta property=\"og:url\" content=\"https:\/\/museuimagensdoinconsciente.org.br\/en\/enio-sergio\/\" \/>\n<meta property=\"og:site_name\" content=\"Museu de Imagens do Inconsciente\" \/>\n<meta property=\"article:publisher\" content=\"https:\/\/www.facebook.com\/ImagensMuseu\" \/>\n<meta property=\"article:modified_time\" content=\"2025-05-19T12:27:08+00:00\" \/>\n<meta property=\"og:image\" content=\"https:\/\/museuimagensdoinconsciente.org.br\/wp-content\/uploads\/2024\/09\/1-enio-Sergio_-2003_-oleo-sobre-tela_-65x100-cm.jpg\" \/>\n\t<meta property=\"og:image:width\" content=\"832\" \/>\n\t<meta property=\"og:image:height\" content=\"1280\" \/>\n\t<meta property=\"og:image:type\" content=\"image\/jpeg\" \/>\n<meta name=\"twitter:card\" content=\"summary_large_image\" \/>\n<meta name=\"twitter:site\" content=\"@imagensmuseu\" \/>\n<meta name=\"twitter:label1\" content=\"Est. reading time\" \/>\n\t<meta name=\"twitter:data1\" content=\"3 minutes\" \/>\n<script type=\"application\/ld+json\" class=\"yoast-schema-graph\">{\"@context\":\"https:\\\/\\\/schema.org\",\"@graph\":[{\"@type\":\"WebPage\",\"@id\":\"https:\\\/\\\/museuimagensdoinconsciente.org.br\\\/en\\\/enio-sergio\\\/\",\"url\":\"https:\\\/\\\/museuimagensdoinconsciente.org.br\\\/en\\\/enio-sergio\\\/\",\"name\":\"Enio S\u00e9rgio - Museu de Imagens do Inconsciente\",\"isPartOf\":{\"@id\":\"https:\\\/\\\/museuimagensdoinconsciente.org.br\\\/en\\\/#website\"},\"primaryImageOfPage\":{\"@id\":\"https:\\\/\\\/museuimagensdoinconsciente.org.br\\\/en\\\/enio-sergio\\\/#primaryimage\"},\"image\":{\"@id\":\"https:\\\/\\\/museuimagensdoinconsciente.org.br\\\/en\\\/enio-sergio\\\/#primaryimage\"},\"thumbnailUrl\":\"https:\\\/\\\/museuimagensdoinconsciente.org.br\\\/wp-content\\\/uploads\\\/2024\\\/09\\\/1-enio-Sergio_-2003_-oleo-sobre-tela_-65x100-cm.jpg\",\"datePublished\":\"2024-08-24T11:37:08+00:00\",\"dateModified\":\"2025-05-19T12:27:08+00:00\",\"breadcrumb\":{\"@id\":\"https:\\\/\\\/museuimagensdoinconsciente.org.br\\\/en\\\/enio-sergio\\\/#breadcrumb\"},\"inLanguage\":\"en-US\",\"potentialAction\":[{\"@type\":\"ReadAction\",\"target\":[\"https:\\\/\\\/museuimagensdoinconsciente.org.br\\\/en\\\/enio-sergio\\\/\"]}]},{\"@type\":\"ImageObject\",\"inLanguage\":\"en-US\",\"@id\":\"https:\\\/\\\/museuimagensdoinconsciente.org.br\\\/en\\\/enio-sergio\\\/#primaryimage\",\"url\":\"https:\\\/\\\/museuimagensdoinconsciente.org.br\\\/wp-content\\\/uploads\\\/2024\\\/09\\\/1-enio-Sergio_-2003_-oleo-sobre-tela_-65x100-cm.jpg\",\"contentUrl\":\"https:\\\/\\\/museuimagensdoinconsciente.org.br\\\/wp-content\\\/uploads\\\/2024\\\/09\\\/1-enio-Sergio_-2003_-oleo-sobre-tela_-65x100-cm.jpg\",\"width\":832,\"height\":1280,\"caption\":\"Untitled \u2013 2003 \u2013 Oil on canvas \u2013 65 x 100 cm\"},{\"@type\":\"BreadcrumbList\",\"@id\":\"https:\\\/\\\/museuimagensdoinconsciente.org.br\\\/en\\\/enio-sergio\\\/#breadcrumb\",\"itemListElement\":[{\"@type\":\"ListItem\",\"position\":1,\"name\":\"Home\",\"item\":\"https:\\\/\\\/museuimagensdoinconsciente.org.br\\\/en\\\/home\\\/\"},{\"@type\":\"ListItem\",\"position\":2,\"name\":\"Enio S\u00e9rgio\"}]},{\"@type\":\"WebSite\",\"@id\":\"https:\\\/\\\/museuimagensdoinconsciente.org.br\\\/en\\\/#website\",\"url\":\"https:\\\/\\\/museuimagensdoinconsciente.org.br\\\/en\\\/\",\"name\":\"Museu de Imagens do Inconsciente\",\"description\":\"Um centro vivo de estudo e pesquisa sobre as imagens\",\"publisher\":{\"@id\":\"https:\\\/\\\/museuimagensdoinconsciente.org.br\\\/en\\\/#organization\"},\"potentialAction\":[{\"@type\":\"SearchAction\",\"target\":{\"@type\":\"EntryPoint\",\"urlTemplate\":\"https:\\\/\\\/museuimagensdoinconsciente.org.br\\\/en\\\/?s={search_term_string}\"},\"query-input\":{\"@type\":\"PropertyValueSpecification\",\"valueRequired\":true,\"valueName\":\"search_term_string\"}}],\"inLanguage\":\"en-US\"},{\"@type\":\"Organization\",\"@id\":\"https:\\\/\\\/museuimagensdoinconsciente.org.br\\\/en\\\/#organization\",\"name\":\"Museu de Imagens do Inconsciente\",\"url\":\"https:\\\/\\\/museuimagensdoinconsciente.org.br\\\/en\\\/\",\"logo\":{\"@type\":\"ImageObject\",\"inLanguage\":\"en-US\",\"@id\":\"https:\\\/\\\/museuimagensdoinconsciente.org.br\\\/en\\\/#\\\/schema\\\/logo\\\/image\\\/\",\"url\":\"https:\\\/\\\/museuimagensdoinconsciente.org.br\\\/wp-content\\\/uploads\\\/2024\\\/03\\\/logo-mii.png\",\"contentUrl\":\"https:\\\/\\\/museuimagensdoinconsciente.org.br\\\/wp-content\\\/uploads\\\/2024\\\/03\\\/logo-mii.png\",\"width\":950,\"height\":460,\"caption\":\"Museu de Imagens do Inconsciente\"},\"image\":{\"@id\":\"https:\\\/\\\/museuimagensdoinconsciente.org.br\\\/en\\\/#\\\/schema\\\/logo\\\/image\\\/\"},\"sameAs\":[\"https:\\\/\\\/www.facebook.com\\\/ImagensMuseu\",\"https:\\\/\\\/x.com\\\/imagensmuseu\",\"https:\\\/\\\/www.instagram.com\\\/museudeimagensdoinconsciente\",\"https:\\\/\\\/www.youtube.com\\\/c\\\/museudeimagensdoinconsciente\"]}]}<\/script>\n<!-- \/ Yoast SEO plugin. -->","yoast_head_json":{"title":"Enio S\u00e9rgio - Museu de Imagens do Inconsciente","robots":{"index":"index","follow":"follow","max-snippet":"max-snippet:-1","max-image-preview":"max-image-preview:large","max-video-preview":"max-video-preview:-1"},"canonical":"https:\/\/museuimagensdoinconsciente.org.br\/en\/enio-sergio\/","og_locale":"en_US","og_type":"article","og_title":"Enio S\u00e9rgio - Museu de Imagens do Inconsciente","og_description":"Enio was born in S\u00e3o Jo\u00e3o Del Rey in Minas Gerais state in 1962. He was the first of five children. At age 18, he joined the army and soon moved to the rank of paratrooper. He currently lives alone in the Copacabana neighbourhood.","og_url":"https:\/\/museuimagensdoinconsciente.org.br\/en\/enio-sergio\/","og_site_name":"Museu de Imagens do Inconsciente","article_publisher":"https:\/\/www.facebook.com\/ImagensMuseu","article_modified_time":"2025-05-19T12:27:08+00:00","og_image":[{"width":832,"height":1280,"url":"https:\/\/museuimagensdoinconsciente.org.br\/wp-content\/uploads\/2024\/09\/1-enio-Sergio_-2003_-oleo-sobre-tela_-65x100-cm.jpg","type":"image\/jpeg"}],"twitter_card":"summary_large_image","twitter_site":"@imagensmuseu","twitter_misc":{"Est. reading time":"3 minutes"},"schema":{"@context":"https:\/\/schema.org","@graph":[{"@type":"WebPage","@id":"https:\/\/museuimagensdoinconsciente.org.br\/en\/enio-sergio\/","url":"https:\/\/museuimagensdoinconsciente.org.br\/en\/enio-sergio\/","name":"Enio S\u00e9rgio - Museu de Imagens do Inconsciente","isPartOf":{"@id":"https:\/\/museuimagensdoinconsciente.org.br\/en\/#website"},"primaryImageOfPage":{"@id":"https:\/\/museuimagensdoinconsciente.org.br\/en\/enio-sergio\/#primaryimage"},"image":{"@id":"https:\/\/museuimagensdoinconsciente.org.br\/en\/enio-sergio\/#primaryimage"},"thumbnailUrl":"https:\/\/museuimagensdoinconsciente.org.br\/wp-content\/uploads\/2024\/09\/1-enio-Sergio_-2003_-oleo-sobre-tela_-65x100-cm.jpg","datePublished":"2024-08-24T11:37:08+00:00","dateModified":"2025-05-19T12:27:08+00:00","breadcrumb":{"@id":"https:\/\/museuimagensdoinconsciente.org.br\/en\/enio-sergio\/#breadcrumb"},"inLanguage":"en-US","potentialAction":[{"@type":"ReadAction","target":["https:\/\/museuimagensdoinconsciente.org.br\/en\/enio-sergio\/"]}]},{"@type":"ImageObject","inLanguage":"en-US","@id":"https:\/\/museuimagensdoinconsciente.org.br\/en\/enio-sergio\/#primaryimage","url":"https:\/\/museuimagensdoinconsciente.org.br\/wp-content\/uploads\/2024\/09\/1-enio-Sergio_-2003_-oleo-sobre-tela_-65x100-cm.jpg","contentUrl":"https:\/\/museuimagensdoinconsciente.org.br\/wp-content\/uploads\/2024\/09\/1-enio-Sergio_-2003_-oleo-sobre-tela_-65x100-cm.jpg","width":832,"height":1280,"caption":"Untitled \u2013 2003 \u2013 Oil on canvas \u2013 65 x 100 cm"},{"@type":"BreadcrumbList","@id":"https:\/\/museuimagensdoinconsciente.org.br\/en\/enio-sergio\/#breadcrumb","itemListElement":[{"@type":"ListItem","position":1,"name":"Home","item":"https:\/\/museuimagensdoinconsciente.org.br\/en\/home\/"},{"@type":"ListItem","position":2,"name":"Enio S\u00e9rgio"}]},{"@type":"WebSite","@id":"https:\/\/museuimagensdoinconsciente.org.br\/en\/#website","url":"https:\/\/museuimagensdoinconsciente.org.br\/en\/","name":"Museu de Imagens do Inconsciente","description":"Um centro vivo de estudo e pesquisa sobre as imagens","publisher":{"@id":"https:\/\/museuimagensdoinconsciente.org.br\/en\/#organization"},"potentialAction":[{"@type":"SearchAction","target":{"@type":"EntryPoint","urlTemplate":"https:\/\/museuimagensdoinconsciente.org.br\/en\/?s={search_term_string}"},"query-input":{"@type":"PropertyValueSpecification","valueRequired":true,"valueName":"search_term_string"}}],"inLanguage":"en-US"},{"@type":"Organization","@id":"https:\/\/museuimagensdoinconsciente.org.br\/en\/#organization","name":"Museu de Imagens do Inconsciente","url":"https:\/\/museuimagensdoinconsciente.org.br\/en\/","logo":{"@type":"ImageObject","inLanguage":"en-US","@id":"https:\/\/museuimagensdoinconsciente.org.br\/en\/#\/schema\/logo\/image\/","url":"https:\/\/museuimagensdoinconsciente.org.br\/wp-content\/uploads\/2024\/03\/logo-mii.png","contentUrl":"https:\/\/museuimagensdoinconsciente.org.br\/wp-content\/uploads\/2024\/03\/logo-mii.png","width":950,"height":460,"caption":"Museu de Imagens do Inconsciente"},"image":{"@id":"https:\/\/museuimagensdoinconsciente.org.br\/en\/#\/schema\/logo\/image\/"},"sameAs":["https:\/\/www.facebook.com\/ImagensMuseu","https:\/\/x.com\/imagensmuseu","https:\/\/www.instagram.com\/museudeimagensdoinconsciente","https:\/\/www.youtube.com\/c\/museudeimagensdoinconsciente"]}]}},"_links":{"self":[{"href":"https:\/\/museuimagensdoinconsciente.org.br\/en\/wp-json\/wp\/v2\/pages\/2391","targetHints":{"allow":["GET"]}}],"collection":[{"href":"https:\/\/museuimagensdoinconsciente.org.br\/en\/wp-json\/wp\/v2\/pages"}],"about":[{"href":"https:\/\/museuimagensdoinconsciente.org.br\/en\/wp-json\/wp\/v2\/types\/page"}],"author":[{"embeddable":true,"href":"https:\/\/museuimagensdoinconsciente.org.br\/en\/wp-json\/wp\/v2\/users\/1"}],"replies":[{"embeddable":true,"href":"https:\/\/museuimagensdoinconsciente.org.br\/en\/wp-json\/wp\/v2\/comments?post=2391"}],"version-history":[{"count":4,"href":"https:\/\/museuimagensdoinconsciente.org.br\/en\/wp-json\/wp\/v2\/pages\/2391\/revisions"}],"predecessor-version":[{"id":2978,"href":"https:\/\/museuimagensdoinconsciente.org.br\/en\/wp-json\/wp\/v2\/pages\/2391\/revisions\/2978"}],"wp:featuredmedia":[{"embeddable":true,"href":"https:\/\/museuimagensdoinconsciente.org.br\/en\/wp-json\/wp\/v2\/media\/1752"}],"wp:attachment":[{"href":"https:\/\/museuimagensdoinconsciente.org.br\/en\/wp-json\/wp\/v2\/media?parent=2391"}],"curies":[{"name":"wp","href":"https:\/\/api.w.org\/{rel}","templated":true}]}}