{"id":2553,"date":"2024-10-09T16:13:04","date_gmt":"2024-10-09T19:13:04","guid":{"rendered":"https:\/\/museuimagensdoinconsciente.org.br\/exhibition-occupation-nise-da-silveira\/"},"modified":"2025-05-19T09:31:52","modified_gmt":"2025-05-19T12:31:52","slug":"exhibition-occupation-nise-da-silveira","status":"publish","type":"page","link":"https:\/\/museuimagensdoinconsciente.org.br\/en\/exhibition-occupation-nise-da-silveira\/","title":{"rendered":"Exhibition \u2013 Occupation Nise da Silveira"},"content":{"rendered":"<p>[et_pb_section fb_built=&#8221;1&#8243; custom_padding_last_edited=&#8221;on|phone&#8221; admin_label=&#8221;Header&#8221; _builder_version=&#8221;4.24.3&#8243; background_color_gradient_direction=&#8221;188deg&#8221; background_image=&#8221;https:\/\/museuimagensdoinconsciente.org.br\/wp-content\/uploads\/2024\/03\/art-gallery-55.jpg&#8221; background_size=&#8221;initial&#8221; background_repeat=&#8221;repeat&#8221; width=&#8221;100%&#8221; custom_padding=&#8221;140px||||false|false&#8221; custom_padding_tablet=&#8221;130px||50px||false|false&#8221; custom_padding_phone=&#8221;130px||50px||false|false&#8221; global_colors_info=&#8221;{}&#8221;][et_pb_row column_structure=&#8221;2_5,3_5&#8243; use_custom_gutter=&#8221;on&#8221; gutter_width=&#8221;2&#8243; make_equal=&#8221;on&#8221; _builder_version=&#8221;4.16&#8243; use_custom_width=&#8221;on&#8221; width_unit=&#8221;off&#8221; custom_width_percent=&#8221;100%&#8221; locked=&#8221;off&#8221; global_colors_info=&#8221;{}&#8221;][et_pb_column type=&#8221;2_5&#8243; _builder_version=&#8221;4.16&#8243; custom_padding=&#8221;|||&#8221; global_colors_info=&#8221;{}&#8221; custom_padding__hover=&#8221;|||&#8221;][et_pb_text _builder_version=&#8221;4.27.4&#8243; text_font=&#8221;||||||||&#8221; header_font=&#8221;||||||||&#8221; header_2_font=&#8221;|500|||||||&#8221; header_2_font_size=&#8221;56px&#8221; header_3_font=&#8221;|700||on|||||&#8221; header_3_text_color=&#8221;rgba(0,0,0,0.35)&#8221; header_3_font_size=&#8221;12px&#8221; header_3_letter_spacing=&#8221;5px&#8221; header_3_line_height=&#8221;2em&#8221; transform_translate_linked=&#8221;off&#8221; max_width=&#8221;700px&#8221; max_width_tablet=&#8221;70%&#8221; max_width_last_edited=&#8221;off|phone&#8221; module_alignment=&#8221;center&#8221; header_2_font_size_tablet=&#8221;40px&#8221; header_2_font_size_phone=&#8221;26px&#8221; header_2_font_size_last_edited=&#8221;on|phone&#8221; header_3_font_size_phone=&#8221;10px&#8221; header_3_font_size_last_edited=&#8221;off|desktop&#8221; module_alignment_last_edited=&#8221;off|desktop&#8221; text_text_align=&#8221;center&#8221; global_colors_info=&#8221;{}&#8221;]<\/p>\n<h3>Exhibition<\/h3>\n<h2>Occupation Nise da Silveira<\/h2>\n<p>[\/et_pb_text][et_pb_text _builder_version=&#8221;4.27.2&#8243; text_font=&#8221;||||||||&#8221; header_font=&#8221;||||||||&#8221; header_2_font=&#8221;Prata|500|||||||&#8221; header_2_text_align=&#8221;left&#8221; header_2_font_size=&#8221;56px&#8221; header_2_line_height=&#8221;1.3em&#8221; header_4_font=&#8221;|700|||||||&#8221; header_4_font_size=&#8221;16px&#8221; header_4_line_height=&#8221;1.2em&#8221; transform_translate_linked=&#8221;off&#8221; max_width=&#8221;700px&#8221; max_width_tablet=&#8221;70%&#8221; max_width_last_edited=&#8221;off|phone&#8221; header_2_font_size_tablet=&#8221;40px&#8221; header_2_font_size_phone=&#8221;26px&#8221; header_2_font_size_last_edited=&#8221;on|desktop&#8221; locked=&#8221;off&#8221; global_colors_info=&#8221;{}&#8221;]<\/p>\n<p>Tuesday to Saturday<br \/>10am to 4pm<br \/><strong>Free Entry<\/strong><\/p>\n<p>[\/et_pb_text][\/et_pb_column][et_pb_column type=&#8221;3_5&#8243; _builder_version=&#8221;4.16&#8243; custom_padding=&#8221;|||&#8221; global_colors_info=&#8221;{}&#8221; custom_padding__hover=&#8221;|||&#8221;][et_pb_text _builder_version=&#8221;4.27.4&#8243; text_font=&#8221;||||||||&#8221; header_font=&#8221;||||||||&#8221; header_font_size=&#8221;24px&#8221; header_line_height=&#8221;1.3em&#8221; header_2_font=&#8221;||||||||&#8221; header_2_font_size=&#8221;20px&#8221; header_2_line_height=&#8221;1.3em&#8221; header_3_font=&#8221;||||||||&#8221; header_3_font_size=&#8221;16px&#8221; header_3_line_height=&#8221;1.3em&#8221; header_font_size_tablet=&#8221;&#8221; header_font_size_phone=&#8221;&#8221; header_font_size_last_edited=&#8221;on|desktop&#8221; locked=&#8221;off&#8221; global_colors_info=&#8221;{}&#8221;]<\/p>\n<h1>The exhibition <em>Occupation Nise da Silveira<\/em> was originally presented at Ita\u00fa Cultural in S\u00e3o Paulo. The show offers an immersion in the life and work of this psychiatrist who stood out as one of the leading Brazilian scientists.<\/h1>\n<p>With audiovisual and sound recordings, works from the museum\u2019s collection, as well as documents from the personal archive of Nise da Silveira, the exhibition invites the audience to discover a practice that was founded on affection and an unlimited respect for human beings.<\/p>\n<p>[\/et_pb_text][\/et_pb_column][\/et_pb_row][et_pb_row column_structure=&#8221;3_4,1_4&#8243; _builder_version=&#8221;4.27.4&#8243; global_colors_info=&#8221;{}&#8221;][et_pb_column type=&#8221;3_4&#8243; _builder_version=&#8221;4.16&#8243; custom_padding=&#8221;|||&#8221; global_colors_info=&#8221;{}&#8221; custom_padding__hover=&#8221;|||&#8221;][et_pb_image src=&#8221;https:\/\/museuimagensdoinconsciente.org.br\/wp-content\/uploads\/2024\/10\/Ocupacao-Nise_destaque.jpg&#8221; title_text=&#8221;Ocupacao-Nise_destaque&#8221; _builder_version=&#8221;4.27.2&#8243; global_colors_info=&#8221;{}&#8221;][\/et_pb_image][et_pb_text _builder_version=&#8221;4.24.3&#8243; text_font=&#8221;||||||||&#8221; header_font=&#8221;||||||||&#8221; header_2_font=&#8221;Prata|500|||||||&#8221; header_2_text_align=&#8221;center&#8221; header_2_font_size=&#8221;56px&#8221; header_2_line_height=&#8221;1.3em&#8221; header_3_font=&#8221;|700||on|||||&#8221; header_3_text_align=&#8221;center&#8221; header_3_text_color=&#8221;rgba(0,0,0,0.35)&#8221; header_3_font_size=&#8221;12px&#8221; header_3_letter_spacing=&#8221;5px&#8221; header_3_line_height=&#8221;2em&#8221; transform_translate_linked=&#8221;off&#8221; max_width=&#8221;700px&#8221; max_width_tablet=&#8221;70%&#8221; max_width_last_edited=&#8221;off|phone&#8221; module_alignment=&#8221;center&#8221; header_2_font_size_tablet=&#8221;40px&#8221; header_2_font_size_phone=&#8221;26px&#8221; header_2_font_size_last_edited=&#8221;on|phone&#8221; header_3_font_size_phone=&#8221;10px&#8221; header_3_font_size_last_edited=&#8221;off|desktop&#8221; module_alignment_last_edited=&#8221;off|desktop&#8221; global_colors_info=&#8221;{}&#8221;]<\/p>\n<h3>Exhibition Preview<\/h3>\n<p>[\/et_pb_text][et_pb_text _builder_version=&#8221;4.27.4&#8243; _module_preset=&#8221;default&#8221; max_width=&#8221;640px&#8221; module_alignment=&#8221;center&#8221; global_colors_info=&#8221;{}&#8221;]<\/p>\n\n\t\t<style type=\"text\/css\">\n\t\t\t#gallery-1 {\n\t\t\t\tmargin: auto;\n\t\t\t}\n\t\t\t#gallery-1 .gallery-item {\n\t\t\t\tfloat: left;\n\t\t\t\tmargin-top: 10px;\n\t\t\t\ttext-align: center;\n\t\t\t\twidth: 33%;\n\t\t\t}\n\t\t\t#gallery-1 img {\n\t\t\t\tborder: 2px solid #cfcfcf;\n\t\t\t}\n\t\t\t#gallery-1 .gallery-caption {\n\t\t\t\tmargin-left: 0;\n\t\t\t}\n\t\t\t\/* see gallery_shortcode() in wp-includes\/media.php *\/\n\t\t<\/style>\n\t\t<div id='gallery-1' class='gallery galleryid-2553 gallery-columns-3 gallery-size-medium'><dl class='gallery-item'>\n\t\t\t<dt class='gallery-icon landscape'>\n\t\t\t\t<a href='https:\/\/museuimagensdoinconsciente.org.br\/wp-content\/uploads\/2024\/10\/Ocupacao-Nise_1.jpg'><img loading=\"lazy\" decoding=\"async\" width=\"200\" height=\"150\" src=\"https:\/\/museuimagensdoinconsciente.org.br\/wp-content\/uploads\/2024\/10\/Ocupacao-Nise_1-200x150.jpg\" class=\"attachment-medium size-medium\" alt=\"\" aria-describedby=\"gallery-1-1874\" \/><\/a>\n\t\t\t<\/dt>\n\t\t\t\t<dd class='wp-caption-text gallery-caption' id='gallery-1-1874'>\n\t\t\t\tOccupation Nise da Silveira\n\t\t\t\t<\/dd><\/dl><dl class='gallery-item'>\n\t\t\t<dt class='gallery-icon portrait'>\n\t\t\t\t<a href='https:\/\/museuimagensdoinconsciente.org.br\/wp-content\/uploads\/2024\/10\/Ocupacao-Nise_2.jpg'><img loading=\"lazy\" decoding=\"async\" width=\"200\" height=\"267\" src=\"https:\/\/museuimagensdoinconsciente.org.br\/wp-content\/uploads\/2024\/10\/Ocupacao-Nise_2-200x267.jpg\" class=\"attachment-medium size-medium\" alt=\"\" aria-describedby=\"gallery-1-1876\" \/><\/a>\n\t\t\t<\/dt>\n\t\t\t\t<dd class='wp-caption-text gallery-caption' id='gallery-1-1876'>\n\t\t\t\tOccupation Nise da Silveira\n\t\t\t\t<\/dd><\/dl><dl class='gallery-item'>\n\t\t\t<dt class='gallery-icon landscape'>\n\t\t\t\t<a href='https:\/\/museuimagensdoinconsciente.org.br\/wp-content\/uploads\/2024\/10\/Ocupacao-Nise_3.jpg'><img loading=\"lazy\" decoding=\"async\" width=\"200\" height=\"150\" src=\"https:\/\/museuimagensdoinconsciente.org.br\/wp-content\/uploads\/2024\/10\/Ocupacao-Nise_3-200x150.jpg\" class=\"attachment-medium size-medium\" alt=\"\" aria-describedby=\"gallery-1-1878\" \/><\/a>\n\t\t\t<\/dt>\n\t\t\t\t<dd class='wp-caption-text gallery-caption' id='gallery-1-1878'>\n\t\t\t\tOccupation Nise da Silveira\n\t\t\t\t<\/dd><\/dl><br style=\"clear: both\" \/>\n\t\t<\/div>\n\n<p>[\/et_pb_text][\/et_pb_column][et_pb_column type=&#8221;1_4&#8243; _builder_version=&#8221;4.16&#8243; custom_padding=&#8221;|||&#8221; global_colors_info=&#8221;{}&#8221; custom_padding__hover=&#8221;|||&#8221;][et_pb_text _builder_version=&#8221;4.27.4&#8243; text_font=&#8221;||||||||&#8221; header_font=&#8221;||||||||&#8221; header_2_font=&#8221;|500|||||||&#8221; header_2_line_height=&#8221;1.3em&#8221; header_3_font=&#8221;|700||on|||||&#8221; header_3_text_color=&#8221;rgba(0,0,0,0.5)&#8221; header_3_font_size=&#8221;16px&#8221; header_3_letter_spacing=&#8221;3px&#8221; header_3_line_height=&#8221;1.5em&#8221; transform_translate_linked=&#8221;off&#8221; background_layout=&#8221;dark&#8221; custom_margin=&#8221;||10px||false|false&#8221; header_2_font_size_tablet=&#8221;40px&#8221; header_2_font_size_phone=&#8221;26px&#8221; header_2_font_size_last_edited=&#8221;off|desktop&#8221; header_3_font_size_phone=&#8221;10px&#8221; header_3_font_size_last_edited=&#8221;off|desktop&#8221; text_text_align=&#8221;center&#8221; locked=&#8221;off&#8221; global_colors_info=&#8221;{}&#8221;]<\/p>\n<h3>Ita\u00fa Cultural<\/h3>\n<p>[\/et_pb_text][et_pb_text _builder_version=&#8221;4.27.4&#8243; text_font=&#8221;||||||||&#8221; header_font=&#8221;||||||||&#8221; header_2_font=&#8221;Prata|500|||||||&#8221; header_2_text_align=&#8221;left&#8221; header_2_font_size=&#8221;56px&#8221; header_2_line_height=&#8221;1.3em&#8221; header_3_font=&#8221;|700||on|||||&#8221; header_3_text_color=&#8221;rgba(0,0,0,0.35)&#8221; header_3_font_size=&#8221;12px&#8221; header_3_letter_spacing=&#8221;5px&#8221; header_4_font=&#8221;|||on|||||&#8221; header_4_font_size=&#8221;16px&#8221; header_4_letter_spacing=&#8221;5px&#8221; header_4_line_height=&#8221;1.2em&#8221; transform_translate_linked=&#8221;off&#8221; max_width=&#8221;700px&#8221; max_width_tablet=&#8221;70%&#8221; max_width_last_edited=&#8221;off|phone&#8221; header_2_font_size_tablet=&#8221;40px&#8221; header_2_font_size_phone=&#8221;26px&#8221; header_2_font_size_last_edited=&#8221;on|desktop&#8221; locked=&#8221;off&#8221; global_colors_info=&#8221;{}&#8221;]<\/p>\n<h3>President<\/h3>\n<p>Alfredo Setubal<\/p>\n<p>[\/et_pb_text][et_pb_text _builder_version=&#8221;4.27.4&#8243; text_font=&#8221;||||||||&#8221; header_font=&#8221;||||||||&#8221; header_2_font=&#8221;Prata|500|||||||&#8221; header_2_text_align=&#8221;left&#8221; header_2_font_size=&#8221;56px&#8221; header_2_line_height=&#8221;1.3em&#8221; header_3_font=&#8221;|700||on|||||&#8221; header_3_text_color=&#8221;rgba(0,0,0,0.35)&#8221; header_3_font_size=&#8221;12px&#8221; header_3_letter_spacing=&#8221;5px&#8221; header_4_font=&#8221;|||on|||||&#8221; header_4_font_size=&#8221;16px&#8221; header_4_letter_spacing=&#8221;5px&#8221; header_4_line_height=&#8221;1.2em&#8221; transform_translate_linked=&#8221;off&#8221; max_width=&#8221;700px&#8221; header_2_font_size_tablet=&#8221;40px&#8221; header_2_font_size_phone=&#8221;26px&#8221; header_2_font_size_last_edited=&#8221;on|desktop&#8221; locked=&#8221;off&#8221; global_colors_info=&#8221;{}&#8221;]<\/p>\n<h3>Director<\/h3>\n<p>Eduardo Saron<\/p>\n<p>[\/et_pb_text][et_pb_text _builder_version=&#8221;4.27.4&#8243; text_font=&#8221;||||||||&#8221; header_font=&#8221;||||||||&#8221; header_2_font=&#8221;|500|||||||&#8221; header_2_line_height=&#8221;1.3em&#8221; header_3_font=&#8221;|700||on|||||&#8221; header_3_text_color=&#8221;rgba(0,0,0,0.5)&#8221; header_3_font_size=&#8221;16px&#8221; header_3_letter_spacing=&#8221;3px&#8221; header_3_line_height=&#8221;1.5em&#8221; transform_translate_linked=&#8221;off&#8221; background_layout=&#8221;dark&#8221; custom_margin=&#8221;||10px||false|false&#8221; header_2_font_size_tablet=&#8221;40px&#8221; header_2_font_size_phone=&#8221;26px&#8221; header_2_font_size_last_edited=&#8221;off|desktop&#8221; header_3_font_size_phone=&#8221;10px&#8221; header_3_font_size_last_edited=&#8221;off|desktop&#8221; text_text_align=&#8221;center&#8221; locked=&#8221;off&#8221; global_colors_info=&#8221;{}&#8221;]<\/p>\n<h3>OCUPA\u00c7\u00c3O NISE DA SILVEIRA<\/h3>\n<p>[\/et_pb_text][et_pb_text _builder_version=&#8221;4.27.4&#8243; text_font=&#8221;||||||||&#8221; header_font=&#8221;||||||||&#8221; header_2_font=&#8221;Prata|500|||||||&#8221; header_2_text_align=&#8221;left&#8221; header_2_font_size=&#8221;56px&#8221; header_2_line_height=&#8221;1.3em&#8221; header_3_font=&#8221;|700||on|||||&#8221; header_3_text_color=&#8221;rgba(0,0,0,0.35)&#8221; header_3_font_size=&#8221;12px&#8221; header_3_letter_spacing=&#8221;5px&#8221; header_3_line_height=&#8221;1.1em&#8221; header_4_font=&#8221;|||on|||||&#8221; header_4_font_size=&#8221;16px&#8221; header_4_letter_spacing=&#8221;5px&#8221; header_4_line_height=&#8221;1.2em&#8221; transform_translate_linked=&#8221;off&#8221; max_width=&#8221;700px&#8221; header_2_font_size_tablet=&#8221;40px&#8221; header_2_font_size_phone=&#8221;26px&#8221; header_2_font_size_last_edited=&#8221;on|desktop&#8221; locked=&#8221;off&#8221; global_colors_info=&#8221;{}&#8221;]<\/p>\n<h3>Research, design, curation and production<\/h3>\n<p>Luiz Carlos Mello e Ita\u00fa Cultural<\/p>\n<h3>Expographic project<\/h3>\n<p>Claudia Afonso and V\u00e2nia Medeiros<\/p>\n<h3>Lighting project<\/h3>\n<p>Grissel Piguillem<\/p>\n<h3>Exhibition lighting<\/h3>\n<p>Belight<\/p>\n<h3>Consultancy<\/h3>\n<p>Gladys Schincariol and Priscilla Moret<\/p>\n<h3>Researchers<\/h3>\n<p>Gabriella Rodrigues, Marcos Florence Martins Santos, Mariana Sgarioni and Solange Santos<\/p>\n<h3>Accessibility project<\/h3>\n<p>Ariana Chediak, Iguale Comunica\u00e7\u00e3o de Acessibilidade and Museus Acess\u00edveis<\/p>\n<h3>Production<\/h3>\n<p>Autom\u00e1tica Produ\u00e7\u00e3o Contempor\u00e2nea<\/p>\n<h3>Support<\/h3>\n<p>Society of Friends of the Museum of Images from the Unconscious<\/p>\n<p>[\/et_pb_text][\/et_pb_column][\/et_pb_row][\/et_pb_section]<\/p>\n","protected":false},"excerpt":{"rendered":"<p>The exhibition Occupation Nise da Silveira was originally presented at Ita\u00fa Cultural in S\u00e3o Paulo. The show offers an immersion in the life and work of this psychiatrist who stood out as one of the leading Brazilian scientists.<\/p>\n","protected":false},"author":1,"featured_media":1880,"parent":0,"menu_order":0,"comment_status":"closed","ping_status":"closed","template":"","meta":{"_et_pb_use_builder":"on","_et_pb_old_content":"","_et_gb_content_width":"","footnotes":""},"class_list":["post-2553","page","type-page","status-publish","has-post-thumbnail","hentry"],"yoast_head":"<!-- This site is optimized with the Yoast SEO plugin v27.4 - https:\/\/yoast.com\/product\/yoast-seo-wordpress\/ -->\n<title>Exhibition \u2013 Occupation Nise da Silveira - Museu de Imagens do Inconsciente<\/title>\n<meta name=\"robots\" content=\"index, follow, max-snippet:-1, max-image-preview:large, max-video-preview:-1\" \/>\n<link rel=\"canonical\" href=\"https:\/\/museuimagensdoinconsciente.org.br\/en\/exhibition-occupation-nise-da-silveira\/\" \/>\n<meta property=\"og:locale\" content=\"en_US\" \/>\n<meta property=\"og:type\" content=\"article\" \/>\n<meta property=\"og:title\" content=\"Exhibition \u2013 Occupation Nise da Silveira - Museu de Imagens do Inconsciente\" \/>\n<meta property=\"og:description\" content=\"The exhibition Occupation Nise da Silveira was originally presented at Ita\u00fa Cultural in S\u00e3o Paulo. The show offers an immersion in the life and work of this psychiatrist who stood out as one of the leading Brazilian scientists.\" \/>\n<meta property=\"og:url\" content=\"https:\/\/museuimagensdoinconsciente.org.br\/en\/exhibition-occupation-nise-da-silveira\/\" \/>\n<meta property=\"og:site_name\" content=\"Museu de Imagens do Inconsciente\" \/>\n<meta property=\"article:publisher\" content=\"https:\/\/www.facebook.com\/ImagensMuseu\" \/>\n<meta property=\"article:modified_time\" content=\"2025-05-19T12:31:52+00:00\" \/>\n<meta property=\"og:image\" content=\"https:\/\/museuimagensdoinconsciente.org.br\/wp-content\/uploads\/2024\/10\/Ocupacao-Nise_destaque.jpg\" \/>\n\t<meta property=\"og:image:width\" content=\"1080\" \/>\n\t<meta property=\"og:image:height\" content=\"1080\" \/>\n\t<meta property=\"og:image:type\" content=\"image\/jpeg\" \/>\n<meta name=\"twitter:card\" content=\"summary_large_image\" \/>\n<meta name=\"twitter:site\" content=\"@imagensmuseu\" \/>\n<meta name=\"twitter:label1\" content=\"Est. reading time\" \/>\n\t<meta name=\"twitter:data1\" content=\"6 minutes\" \/>\n<script type=\"application\/ld+json\" class=\"yoast-schema-graph\">{\"@context\":\"https:\\\/\\\/schema.org\",\"@graph\":[{\"@type\":\"WebPage\",\"@id\":\"https:\\\/\\\/museuimagensdoinconsciente.org.br\\\/en\\\/exhibition-occupation-nise-da-silveira\\\/\",\"url\":\"https:\\\/\\\/museuimagensdoinconsciente.org.br\\\/en\\\/exhibition-occupation-nise-da-silveira\\\/\",\"name\":\"Exhibition \u2013 Occupation Nise da Silveira - Museu de Imagens do Inconsciente\",\"isPartOf\":{\"@id\":\"https:\\\/\\\/museuimagensdoinconsciente.org.br\\\/en\\\/#website\"},\"primaryImageOfPage\":{\"@id\":\"https:\\\/\\\/museuimagensdoinconsciente.org.br\\\/en\\\/exhibition-occupation-nise-da-silveira\\\/#primaryimage\"},\"image\":{\"@id\":\"https:\\\/\\\/museuimagensdoinconsciente.org.br\\\/en\\\/exhibition-occupation-nise-da-silveira\\\/#primaryimage\"},\"thumbnailUrl\":\"https:\\\/\\\/museuimagensdoinconsciente.org.br\\\/wp-content\\\/uploads\\\/2024\\\/10\\\/Ocupacao-Nise_destaque.jpg\",\"datePublished\":\"2024-10-09T19:13:04+00:00\",\"dateModified\":\"2025-05-19T12:31:52+00:00\",\"breadcrumb\":{\"@id\":\"https:\\\/\\\/museuimagensdoinconsciente.org.br\\\/en\\\/exhibition-occupation-nise-da-silveira\\\/#breadcrumb\"},\"inLanguage\":\"en-US\",\"potentialAction\":[{\"@type\":\"ReadAction\",\"target\":[\"https:\\\/\\\/museuimagensdoinconsciente.org.br\\\/en\\\/exhibition-occupation-nise-da-silveira\\\/\"]}]},{\"@type\":\"ImageObject\",\"inLanguage\":\"en-US\",\"@id\":\"https:\\\/\\\/museuimagensdoinconsciente.org.br\\\/en\\\/exhibition-occupation-nise-da-silveira\\\/#primaryimage\",\"url\":\"https:\\\/\\\/museuimagensdoinconsciente.org.br\\\/wp-content\\\/uploads\\\/2024\\\/10\\\/Ocupacao-Nise_destaque.jpg\",\"contentUrl\":\"https:\\\/\\\/museuimagensdoinconsciente.org.br\\\/wp-content\\\/uploads\\\/2024\\\/10\\\/Ocupacao-Nise_destaque.jpg\",\"width\":1080,\"height\":1080},{\"@type\":\"BreadcrumbList\",\"@id\":\"https:\\\/\\\/museuimagensdoinconsciente.org.br\\\/en\\\/exhibition-occupation-nise-da-silveira\\\/#breadcrumb\",\"itemListElement\":[{\"@type\":\"ListItem\",\"position\":1,\"name\":\"Home\",\"item\":\"https:\\\/\\\/museuimagensdoinconsciente.org.br\\\/en\\\/home\\\/\"},{\"@type\":\"ListItem\",\"position\":2,\"name\":\"Exhibition \u2013 Occupation Nise da Silveira\"}]},{\"@type\":\"WebSite\",\"@id\":\"https:\\\/\\\/museuimagensdoinconsciente.org.br\\\/en\\\/#website\",\"url\":\"https:\\\/\\\/museuimagensdoinconsciente.org.br\\\/en\\\/\",\"name\":\"Museu de Imagens do Inconsciente\",\"description\":\"Um centro vivo de estudo e pesquisa sobre as imagens\",\"publisher\":{\"@id\":\"https:\\\/\\\/museuimagensdoinconsciente.org.br\\\/en\\\/#organization\"},\"potentialAction\":[{\"@type\":\"SearchAction\",\"target\":{\"@type\":\"EntryPoint\",\"urlTemplate\":\"https:\\\/\\\/museuimagensdoinconsciente.org.br\\\/en\\\/?s={search_term_string}\"},\"query-input\":{\"@type\":\"PropertyValueSpecification\",\"valueRequired\":true,\"valueName\":\"search_term_string\"}}],\"inLanguage\":\"en-US\"},{\"@type\":\"Organization\",\"@id\":\"https:\\\/\\\/museuimagensdoinconsciente.org.br\\\/en\\\/#organization\",\"name\":\"Museu de Imagens do Inconsciente\",\"url\":\"https:\\\/\\\/museuimagensdoinconsciente.org.br\\\/en\\\/\",\"logo\":{\"@type\":\"ImageObject\",\"inLanguage\":\"en-US\",\"@id\":\"https:\\\/\\\/museuimagensdoinconsciente.org.br\\\/en\\\/#\\\/schema\\\/logo\\\/image\\\/\",\"url\":\"https:\\\/\\\/museuimagensdoinconsciente.org.br\\\/wp-content\\\/uploads\\\/2024\\\/03\\\/logo-mii.png\",\"contentUrl\":\"https:\\\/\\\/museuimagensdoinconsciente.org.br\\\/wp-content\\\/uploads\\\/2024\\\/03\\\/logo-mii.png\",\"width\":950,\"height\":460,\"caption\":\"Museu de Imagens do Inconsciente\"},\"image\":{\"@id\":\"https:\\\/\\\/museuimagensdoinconsciente.org.br\\\/en\\\/#\\\/schema\\\/logo\\\/image\\\/\"},\"sameAs\":[\"https:\\\/\\\/www.facebook.com\\\/ImagensMuseu\",\"https:\\\/\\\/x.com\\\/imagensmuseu\",\"https:\\\/\\\/www.instagram.com\\\/museudeimagensdoinconsciente\",\"https:\\\/\\\/www.youtube.com\\\/c\\\/museudeimagensdoinconsciente\"]}]}<\/script>\n<!-- \/ Yoast SEO plugin. -->","yoast_head_json":{"title":"Exhibition \u2013 Occupation Nise da Silveira - Museu de Imagens do Inconsciente","robots":{"index":"index","follow":"follow","max-snippet":"max-snippet:-1","max-image-preview":"max-image-preview:large","max-video-preview":"max-video-preview:-1"},"canonical":"https:\/\/museuimagensdoinconsciente.org.br\/en\/exhibition-occupation-nise-da-silveira\/","og_locale":"en_US","og_type":"article","og_title":"Exhibition \u2013 Occupation Nise da Silveira - Museu de Imagens do Inconsciente","og_description":"The exhibition Occupation Nise da Silveira was originally presented at Ita\u00fa Cultural in S\u00e3o Paulo. The show offers an immersion in the life and work of this psychiatrist who stood out as one of the leading Brazilian scientists.","og_url":"https:\/\/museuimagensdoinconsciente.org.br\/en\/exhibition-occupation-nise-da-silveira\/","og_site_name":"Museu de Imagens do Inconsciente","article_publisher":"https:\/\/www.facebook.com\/ImagensMuseu","article_modified_time":"2025-05-19T12:31:52+00:00","og_image":[{"width":1080,"height":1080,"url":"https:\/\/museuimagensdoinconsciente.org.br\/wp-content\/uploads\/2024\/10\/Ocupacao-Nise_destaque.jpg","type":"image\/jpeg"}],"twitter_card":"summary_large_image","twitter_site":"@imagensmuseu","twitter_misc":{"Est. reading time":"6 minutes"},"schema":{"@context":"https:\/\/schema.org","@graph":[{"@type":"WebPage","@id":"https:\/\/museuimagensdoinconsciente.org.br\/en\/exhibition-occupation-nise-da-silveira\/","url":"https:\/\/museuimagensdoinconsciente.org.br\/en\/exhibition-occupation-nise-da-silveira\/","name":"Exhibition \u2013 Occupation Nise da Silveira - Museu de Imagens do Inconsciente","isPartOf":{"@id":"https:\/\/museuimagensdoinconsciente.org.br\/en\/#website"},"primaryImageOfPage":{"@id":"https:\/\/museuimagensdoinconsciente.org.br\/en\/exhibition-occupation-nise-da-silveira\/#primaryimage"},"image":{"@id":"https:\/\/museuimagensdoinconsciente.org.br\/en\/exhibition-occupation-nise-da-silveira\/#primaryimage"},"thumbnailUrl":"https:\/\/museuimagensdoinconsciente.org.br\/wp-content\/uploads\/2024\/10\/Ocupacao-Nise_destaque.jpg","datePublished":"2024-10-09T19:13:04+00:00","dateModified":"2025-05-19T12:31:52+00:00","breadcrumb":{"@id":"https:\/\/museuimagensdoinconsciente.org.br\/en\/exhibition-occupation-nise-da-silveira\/#breadcrumb"},"inLanguage":"en-US","potentialAction":[{"@type":"ReadAction","target":["https:\/\/museuimagensdoinconsciente.org.br\/en\/exhibition-occupation-nise-da-silveira\/"]}]},{"@type":"ImageObject","inLanguage":"en-US","@id":"https:\/\/museuimagensdoinconsciente.org.br\/en\/exhibition-occupation-nise-da-silveira\/#primaryimage","url":"https:\/\/museuimagensdoinconsciente.org.br\/wp-content\/uploads\/2024\/10\/Ocupacao-Nise_destaque.jpg","contentUrl":"https:\/\/museuimagensdoinconsciente.org.br\/wp-content\/uploads\/2024\/10\/Ocupacao-Nise_destaque.jpg","width":1080,"height":1080},{"@type":"BreadcrumbList","@id":"https:\/\/museuimagensdoinconsciente.org.br\/en\/exhibition-occupation-nise-da-silveira\/#breadcrumb","itemListElement":[{"@type":"ListItem","position":1,"name":"Home","item":"https:\/\/museuimagensdoinconsciente.org.br\/en\/home\/"},{"@type":"ListItem","position":2,"name":"Exhibition \u2013 Occupation Nise da Silveira"}]},{"@type":"WebSite","@id":"https:\/\/museuimagensdoinconsciente.org.br\/en\/#website","url":"https:\/\/museuimagensdoinconsciente.org.br\/en\/","name":"Museu de Imagens do Inconsciente","description":"Um centro vivo de estudo e pesquisa sobre as imagens","publisher":{"@id":"https:\/\/museuimagensdoinconsciente.org.br\/en\/#organization"},"potentialAction":[{"@type":"SearchAction","target":{"@type":"EntryPoint","urlTemplate":"https:\/\/museuimagensdoinconsciente.org.br\/en\/?s={search_term_string}"},"query-input":{"@type":"PropertyValueSpecification","valueRequired":true,"valueName":"search_term_string"}}],"inLanguage":"en-US"},{"@type":"Organization","@id":"https:\/\/museuimagensdoinconsciente.org.br\/en\/#organization","name":"Museu de Imagens do Inconsciente","url":"https:\/\/museuimagensdoinconsciente.org.br\/en\/","logo":{"@type":"ImageObject","inLanguage":"en-US","@id":"https:\/\/museuimagensdoinconsciente.org.br\/en\/#\/schema\/logo\/image\/","url":"https:\/\/museuimagensdoinconsciente.org.br\/wp-content\/uploads\/2024\/03\/logo-mii.png","contentUrl":"https:\/\/museuimagensdoinconsciente.org.br\/wp-content\/uploads\/2024\/03\/logo-mii.png","width":950,"height":460,"caption":"Museu de Imagens do Inconsciente"},"image":{"@id":"https:\/\/museuimagensdoinconsciente.org.br\/en\/#\/schema\/logo\/image\/"},"sameAs":["https:\/\/www.facebook.com\/ImagensMuseu","https:\/\/x.com\/imagensmuseu","https:\/\/www.instagram.com\/museudeimagensdoinconsciente","https:\/\/www.youtube.com\/c\/museudeimagensdoinconsciente"]}]}},"_links":{"self":[{"href":"https:\/\/museuimagensdoinconsciente.org.br\/en\/wp-json\/wp\/v2\/pages\/2553","targetHints":{"allow":["GET"]}}],"collection":[{"href":"https:\/\/museuimagensdoinconsciente.org.br\/en\/wp-json\/wp\/v2\/pages"}],"about":[{"href":"https:\/\/museuimagensdoinconsciente.org.br\/en\/wp-json\/wp\/v2\/types\/page"}],"author":[{"embeddable":true,"href":"https:\/\/museuimagensdoinconsciente.org.br\/en\/wp-json\/wp\/v2\/users\/1"}],"replies":[{"embeddable":true,"href":"https:\/\/museuimagensdoinconsciente.org.br\/en\/wp-json\/wp\/v2\/comments?post=2553"}],"version-history":[{"count":2,"href":"https:\/\/museuimagensdoinconsciente.org.br\/en\/wp-json\/wp\/v2\/pages\/2553\/revisions"}],"predecessor-version":[{"id":2986,"href":"https:\/\/museuimagensdoinconsciente.org.br\/en\/wp-json\/wp\/v2\/pages\/2553\/revisions\/2986"}],"wp:featuredmedia":[{"embeddable":true,"href":"https:\/\/museuimagensdoinconsciente.org.br\/en\/wp-json\/wp\/v2\/media\/1880"}],"wp:attachment":[{"href":"https:\/\/museuimagensdoinconsciente.org.br\/en\/wp-json\/wp\/v2\/media?parent=2553"}],"curies":[{"name":"wp","href":"https:\/\/api.w.org\/{rel}","templated":true}]}}